{"id":4467,"date":"2023-07-31T10:18:51","date_gmt":"2023-07-31T10:18:51","guid":{"rendered":"https:\/\/sternlife.de\/fsmp-detail\/"},"modified":"2023-07-31T10:19:26","modified_gmt":"2023-07-31T10:19:26","slug":"fsmp-focus","status":"publish","type":"page","link":"https:\/\/sternlife.de\/en\/fsmp-focus\/","title":{"rendered":"FSMP Detail"},"content":{"rendered":"\t\t<div data-elementor-type=\"wp-page\" data-elementor-id=\"4467\" class=\"elementor elementor-4467 elementor-3091\" data-elementor-settings=\"{&quot;ha_cmc_init_switcher&quot;:&quot;no&quot;}\" data-elementor-post-type=\"page\">\n\t\t\t\t\t\t<section class=\"elementor-section elementor-top-section elementor-element elementor-element-3338871b elementor-section-boxed elementor-section-height-default elementor-section-height-default\" data-id=\"3338871b\" data-element_type=\"section\" data-e-type=\"section\" data-settings=\"{&quot;background_background&quot;:&quot;classic&quot;}\">\n\t\t\t\t\t\t\t<div class=\"elementor-background-overlay\"><\/div>\n\t\t\t\t\t\t\t<div class=\"elementor-container elementor-column-gap-default\">\n\t\t\t\t\t<div class=\"elementor-column elementor-col-100 elementor-top-column elementor-element elementor-element-364cf32b\" data-id=\"364cf32b\" data-element_type=\"column\" data-e-type=\"column\">\n\t\t\t<div class=\"elementor-widget-wrap elementor-element-populated\">\n\t\t\t\t\t\t<div class=\"elementor-element elementor-element-4954fd6f elementor-widget__width-initial elementor-widget-tablet__width-initial elementor-widget-mobile__width-initial elementor-widget-laptop__width-initial elementor-widget-tablet_extra__width-initial elementor-widget elementor-widget-heading\" data-id=\"4954fd6f\" data-element_type=\"widget\" data-e-type=\"widget\" data-widget_type=\"heading.default\">\n\t\t\t\t<div class=\"elementor-widget-container\">\n\t\t\t\t\t<h2 class=\"elementor-heading-title elementor-size-default\">Food for Special Medical Purposes<\/h2>\t\t\t\t<\/div>\n\t\t\t\t<\/div>\n\t\t\t\t\t<\/div>\n\t\t<\/div>\n\t\t\t\t\t<\/div>\n\t\t<\/section>\n\t\t\t\t<section class=\"elementor-section elementor-top-section elementor-element elementor-element-2fc274cd elementor-section-boxed elementor-section-height-default elementor-section-height-default\" data-id=\"2fc274cd\" data-element_type=\"section\" data-e-type=\"section\" data-settings=\"{&quot;background_background&quot;:&quot;classic&quot;}\">\n\t\t\t\t\t\t<div class=\"elementor-container elementor-column-gap-default\">\n\t\t\t\t\t<div class=\"elementor-column elementor-col-100 elementor-top-column elementor-element elementor-element-73a346c3\" data-id=\"73a346c3\" data-element_type=\"column\" data-e-type=\"column\">\n\t\t\t<div class=\"elementor-widget-wrap elementor-element-populated\">\n\t\t\t\t\t\t<div class=\"elementor-element elementor-element-55ace0c4 elementor-widget__width-initial elementor-widget-tablet__width-initial elementor-widget-mobile__width-initial elementor-widget-laptop__width-initial elementor-widget-tablet_extra__width-initial elementor-widget elementor-widget-heading\" data-id=\"55ace0c4\" data-element_type=\"widget\" data-e-type=\"widget\" data-widget_type=\"heading.default\">\n\t\t\t\t<div class=\"elementor-widget-container\">\n\t\t\t\t\t<h1 class=\"elementor-heading-title elementor-size-default\"><span style=\"letter-spacing: 0.7px\">Clinical nutrition manufacturer <\/span>\u2013 these are the advantages<span style=\"color: var( --e-global-color-secondary );font-family: var( --e-global-typography-fa7bf80-font-family ), Sans-serif;font-size: var( --e-global-typography-fa7bf80-font-size );font-weight: var( --e-global-typography-fa7bf80-font-weight );letter-spacing: var( --e-global-typography-fa7bf80-letter-spacing );background-color: var( --e-global-color-ae35296 )\"><\/span><br><\/h1>\t\t\t\t<\/div>\n\t\t\t\t<\/div>\n\t\t\t\t<div class=\"elementor-element elementor-element-70a98509 elementor-widget__width-initial elementor-widget elementor-widget-text-editor\" data-id=\"70a98509\" data-element_type=\"widget\" data-e-type=\"widget\" data-widget_type=\"text-editor.default\">\n\t\t\t\t<div class=\"elementor-widget-container\">\n\t\t\t\t\t\t\t\t\t<p>Whether it\u2019s a balanced diet or targeted supplementation due to malnutrition, the question of the right diet is a crucial nutritional component in the treatment of many diseases. Many patients cannot be adequately cared for by eating normal food alone. This is where SternLife\u2019s enteral food for special medical purposes (FSMP) and preparations for the balanced diet come in.<\/p>\n\t\t\t\t\t\t\t\t<\/div>\n\t\t\t\t<\/div>\n\t\t\t\t<div class=\"elementor-element elementor-element-5a8f58b4 elementor-widget__width-initial elementor-widget-tablet__width-initial elementor-widget-mobile__width-initial elementor-widget-laptop__width-initial elementor-widget-tablet_extra__width-initial elementor-widget elementor-widget-text-editor\" data-id=\"5a8f58b4\" data-element_type=\"widget\" data-e-type=\"widget\" data-widget_type=\"text-editor.default\">\n\t\t\t\t<div class=\"elementor-widget-container\">\n\t\t\t\t\t\t\t\t\t<h4><span style=\"font-weight: bold;\">Diverse nutrients, diverse nutritional therapies<\/span><\/h4>\n\t\t\t\t\t\t\t\t<\/div>\n\t\t\t\t<\/div>\n\t\t\t\t<div class=\"elementor-element elementor-element-45592c4 elementor-widget__width-initial elementor-widget-tablet__width-initial elementor-widget-mobile__width-initial elementor-widget-laptop__width-initial elementor-widget-tablet_extra__width-initial elementor-widget elementor-widget-text-editor\" data-id=\"45592c4\" data-element_type=\"widget\" data-e-type=\"widget\" data-widget_type=\"text-editor.default\">\n\t\t\t\t<div class=\"elementor-widget-container\">\n\t\t\t\t\t\t\t\t\t<p>The range of our products for clinical nutrition includes both partially and fully balanced diets for needs-based clinical nutrition with solid food or drinks, for example as a dietary supplement in powder form. As a clinical nutrition manufacturer, we enrich our products with all the important nutrients and vital substances that are required for nutritional medicine. For a lasting effect during care and recovery.<\/p>\n\t\t\t\t\t\t\t\t<\/div>\n\t\t\t\t<\/div>\n\t\t\t\t<div class=\"elementor-element elementor-element-a868bca elementor-widget__width-initial elementor-widget-tablet__width-initial elementor-widget-mobile__width-initial elementor-widget-laptop__width-initial elementor-widget-tablet_extra__width-initial elementor-widget elementor-widget-text-editor\" data-id=\"a868bca\" data-element_type=\"widget\" data-e-type=\"widget\" data-widget_type=\"text-editor.default\">\n\t\t\t\t<div class=\"elementor-widget-container\">\n\t\t\t\t\t\t\t\t\t<h4><span style=\"font-weight: bold;\">Who needs clinical nutrition?<\/span><\/h4>\n\t\t\t\t\t\t\t\t<\/div>\n\t\t\t\t<\/div>\n\t\t\t\t<div class=\"elementor-element elementor-element-7d7f77b elementor-widget__width-initial elementor-widget-tablet__width-initial elementor-widget-mobile__width-initial elementor-widget-laptop__width-initial elementor-widget-tablet_extra__width-initial elementor-widget elementor-widget-text-editor\" data-id=\"7d7f77b\" data-element_type=\"widget\" data-e-type=\"widget\" data-widget_type=\"text-editor.default\">\n\t\t\t\t<div class=\"elementor-widget-container\">\n\t\t\t\t\t\t\t\t\t<p>The field of application is broad and can be adapted to different medical conditions. These include cancer and kidney, metabolic or tissue diseases. The overriding aim is to prevent malnutrition and to ensure that patients are well cared for despite their illness through nutritional therapies in hospitals, doctors\u2019 surgeries and other medical facilities.<\/p>\n\t\t\t\t\t\t\t\t<\/div>\n\t\t\t\t<\/div>\n\t\t\t\t<div class=\"elementor-element elementor-element-fc88010 elementor-widget__width-initial elementor-widget-tablet__width-initial elementor-widget-mobile__width-initial elementor-widget-laptop__width-initial elementor-widget-tablet_extra__width-initial elementor-widget elementor-widget-text-editor\" data-id=\"fc88010\" data-element_type=\"widget\" data-e-type=\"widget\" data-widget_type=\"text-editor.default\">\n\t\t\t\t<div class=\"elementor-widget-container\">\n\t\t\t\t\t\t\t\t\t<h4><span style=\"font-weight: bold;\">Expertise that benefits everyone\u00a0<\/span><\/h4>\n\t\t\t\t\t\t\t\t<\/div>\n\t\t\t\t<\/div>\n\t\t\t\t<div class=\"elementor-element elementor-element-07e761e elementor-widget__width-initial elementor-widget-tablet__width-initial elementor-widget-mobile__width-initial elementor-widget-laptop__width-initial elementor-widget-tablet_extra__width-initial elementor-widget elementor-widget-text-editor\" data-id=\"07e761e\" data-element_type=\"widget\" data-e-type=\"widget\" data-widget_type=\"text-editor.default\">\n\t\t\t\t<div class=\"elementor-widget-container\">\n\t\t\t\t\t\t\t\t\t<div tabindex=\"0\" role=\"textbox\" contenteditable=\"true\" aria-multiline=\"true\" data-content=\"true\" aria-disabled=\"false\" aria-labelledby=\"translation-results-heading\" aria-placeholder=\"\" data-dl-input-translation=\"true\"><p>As a premium manufacturer, our expertise in nutritional medicine naturally flows into our entire product portfolio. Under the umbrella of the <a href=\"https:\/\/stern-wywiol-gruppe.de\/en\" target=\"_blank\" rel=\"noopener\"><span style=\"text-decoration: underline;\">Stern-Wywiol Gruppe<\/span><\/a>, we are constantly researching the best solutions for the nutrition industry in our technology centre in Ahrensburg near Hamburg. Our well-trained quality assurance with the targeted analysis of all relevant parameters ensures the consistent high quality of our products. In the manufacture of clinical nutrition \u2013 and other products as well \u2013 we take care of all the steps necessary for our customers to bring a product to market maturity.<\/p><\/div>\t\t\t\t\t\t\t\t<\/div>\n\t\t\t\t<\/div>\n\t\t\t\t<div class=\"elementor-element elementor-element-65a4b1d elementor-widget elementor-widget-button\" data-id=\"65a4b1d\" data-element_type=\"widget\" data-e-type=\"widget\" data-widget_type=\"button.default\">\n\t\t\t\t<div class=\"elementor-widget-container\">\n\t\t\t\t\t\t\t\t\t<div class=\"elementor-button-wrapper\">\n\t\t\t\t\t<a class=\"elementor-button elementor-button-link elementor-size-md\" href=\"https:\/\/sternlife.de\/en\/contact\/\">\n\t\t\t\t\t\t<span class=\"elementor-button-content-wrapper\">\n\t\t\t\t\t\t<span class=\"elementor-button-icon\">\n\t\t\t\t<svg xmlns=\"http:\/\/www.w3.org\/2000\/svg\" xmlns:xlink=\"http:\/\/www.w3.org\/1999\/xlink\" id=\"Ebene_1\" x=\"0px\" y=\"0px\" width=\"18px\" height=\"18px\" viewBox=\"0 0 18 18\" style=\"enable-background:new 0 0 18 18;\" xml:space=\"preserve\"><style type=\"text\/css\">\t.arrowst03{fill:#F3FF7D;}<\/style><path class=\"arrowst03\" d=\"M16.7,10c0-0.1-0.1-0.2-0.2-0.2l-7-7c-0.3-0.3-0.8-0.3-1.1,0s-0.3,0.8,0,1.1l5.7,5.7H2c-0.4,0-0.8,0.3-0.8,0.8  S1.6,11,2,11h12.2l-5.7,5.7c-0.3,0.3-0.3,0.8,0,1.1C8.6,17.9,8.8,18,9,18s0.4-0.1,0.5-0.2l7-7c0.1-0.1,0.1-0.2,0.2-0.2  C16.8,10.4,16.8,10.1,16.7,10z\"><\/path><\/svg>\t\t\t<\/span>\n\t\t\t\t\t\t\t\t\t<span class=\"elementor-button-text\">CONTACT US<\/span>\n\t\t\t\t\t<\/span>\n\t\t\t\t\t<\/a>\n\t\t\t\t<\/div>\n\t\t\t\t\t\t\t\t<\/div>\n\t\t\t\t<\/div>\n\t\t\t\t\t<\/div>\n\t\t<\/div>\n\t\t\t\t\t<\/div>\n\t\t<\/section>\n\t\t\t\t<section class=\"elementor-section elementor-top-section elementor-element elementor-element-556d822 sternlife-contact-btn-container elementor-section-boxed elementor-section-height-default elementor-section-height-default\" data-id=\"556d822\" data-element_type=\"section\" data-e-type=\"section\">\n\t\t\t\t\t\t<div class=\"elementor-container elementor-column-gap-default\">\n\t\t\t\t\t<div class=\"elementor-column elementor-col-100 elementor-top-column elementor-element elementor-element-aa59fc3\" data-id=\"aa59fc3\" data-element_type=\"column\" data-e-type=\"column\">\n\t\t\t<div class=\"elementor-widget-wrap elementor-element-populated\">\n\t\t\t\t\t\t<div class=\"elementor-element elementor-element-890bcdc elementor-align-right elementor-fixed elementor-hidden-mobile_extra elementor-hidden-mobile elementor-widget__width-auto sternlife-contact-btn elementor-widget elementor-widget-global elementor-global-4667 elementor-global-4183 elementor-widget-button\" data-id=\"890bcdc\" data-element_type=\"widget\" data-e-type=\"widget\" data-settings=\"{&quot;_position&quot;:&quot;fixed&quot;}\" data-widget_type=\"button.default\">\n\t\t\t\t<div class=\"elementor-widget-container\">\n\t\t\t\t\t\t\t\t\t<div class=\"elementor-button-wrapper\">\n\t\t\t\t\t<a class=\"elementor-button elementor-button-link elementor-size-md\" href=\"https:\/\/sternlife.de\/en\/contact\/\">\n\t\t\t\t\t\t<span class=\"elementor-button-content-wrapper\">\n\t\t\t\t\t\t\t\t\t<span class=\"elementor-button-text\">YOUR PRODUCT<\/span>\n\t\t\t\t\t<\/span>\n\t\t\t\t\t<\/a>\n\t\t\t\t<\/div>\n\t\t\t\t\t\t\t\t<\/div>\n\t\t\t\t<\/div>\n\t\t\t\t\t<\/div>\n\t\t<\/div>\n\t\t\t\t\t<\/div>\n\t\t<\/section>\n\t\t\t\t<\/div>\n\t\t","protected":false},"excerpt":{"rendered":"<p>Food for Special Medical Purposes Clinical nutrition manufacturer \u2013 these are the advantages Whether it\u2019s a balanced diet or targeted supplementation due to malnutrition, the question of the right diet is a crucial nutritional component in the treatment of many diseases. Many patients cannot be adequately cared for by eating normal food alone. This is [&hellip;]<\/p>\n","protected":false},"author":4,"featured_media":2871,"parent":0,"menu_order":0,"comment_status":"closed","ping_status":"closed","template":"","meta":{"footnotes":""},"class_list":["post-4467","page","type-page","status-publish","has-post-thumbnail","hentry"],"yoast_head":"<!-- This site is optimized with the Yoast SEO plugin v27.5 - https:\/\/yoast.com\/product\/yoast-seo-wordpress\/ -->\n<title>Clinical Nutrition - SternLife<\/title>\n<meta name=\"description\" content=\"Clinical nutrition manufacturer: enteral foods for special medical purposes (FSMP) and preparations for balanced diets from SternLife.\" \/>\n<meta name=\"robots\" content=\"index, follow, max-snippet:-1, max-image-preview:large, max-video-preview:-1\" \/>\n<link rel=\"canonical\" href=\"https:\/\/sternlife.de\/en\/fsmp-focus\/\" \/>\n<meta property=\"og:locale\" content=\"en_US\" \/>\n<meta property=\"og:type\" content=\"article\" \/>\n<meta property=\"og:title\" content=\"Clinical Nutrition - SternLife\" \/>\n<meta property=\"og:description\" content=\"Clinical nutrition manufacturer: enteral foods for special medical purposes (FSMP) and preparations for balanced diets from SternLife.\" \/>\n<meta property=\"og:url\" content=\"https:\/\/sternlife.de\/en\/fsmp-focus\/\" \/>\n<meta property=\"og:site_name\" content=\"Sternlife\" \/>\n<meta property=\"article:publisher\" content=\"https:\/\/www.facebook.com\/SternLifeNutrition\/\" \/>\n<meta property=\"article:modified_time\" content=\"2023-07-31T10:19:26+00:00\" \/>\n<meta property=\"og:image\" content=\"https:\/\/sternlife.de\/wp-content\/uploads\/2023\/07\/SternLife-Food-for-special-medicial-purposes-1.png\" \/>\n\t<meta property=\"og:image:width\" content=\"628\" \/>\n\t<meta property=\"og:image:height\" content=\"533\" \/>\n\t<meta property=\"og:image:type\" content=\"image\/png\" \/>\n<meta name=\"twitter:card\" content=\"summary_large_image\" \/>\n<meta name=\"twitter:label1\" content=\"Est. reading time\" \/>\n\t<meta name=\"twitter:data1\" content=\"2 minutes\" \/>\n<script type=\"application\/ld+json\" class=\"yoast-schema-graph\">{\"@context\":\"https:\\\/\\\/schema.org\",\"@graph\":[{\"@type\":\"WebPage\",\"@id\":\"https:\\\/\\\/sternlife.de\\\/en\\\/fsmp-focus\\\/\",\"url\":\"https:\\\/\\\/sternlife.de\\\/en\\\/fsmp-focus\\\/\",\"name\":\"Clinical Nutrition - SternLife\",\"isPartOf\":{\"@id\":\"https:\\\/\\\/sternlife.de\\\/en\\\/#website\"},\"primaryImageOfPage\":{\"@id\":\"https:\\\/\\\/sternlife.de\\\/en\\\/fsmp-focus\\\/#primaryimage\"},\"image\":{\"@id\":\"https:\\\/\\\/sternlife.de\\\/en\\\/fsmp-focus\\\/#primaryimage\"},\"thumbnailUrl\":\"https:\\\/\\\/sternlife.de\\\/wp-content\\\/uploads\\\/2023\\\/07\\\/SternLife-Food-for-special-medicial-purposes-1.png\",\"datePublished\":\"2023-07-31T10:18:51+00:00\",\"dateModified\":\"2023-07-31T10:19:26+00:00\",\"description\":\"Clinical nutrition manufacturer: enteral foods for special medical purposes (FSMP) and preparations for balanced diets from SternLife.\",\"breadcrumb\":{\"@id\":\"https:\\\/\\\/sternlife.de\\\/en\\\/fsmp-focus\\\/#breadcrumb\"},\"inLanguage\":\"en-US\",\"potentialAction\":[{\"@type\":\"ReadAction\",\"target\":[\"https:\\\/\\\/sternlife.de\\\/en\\\/fsmp-focus\\\/\"]}]},{\"@type\":\"ImageObject\",\"inLanguage\":\"en-US\",\"@id\":\"https:\\\/\\\/sternlife.de\\\/en\\\/fsmp-focus\\\/#primaryimage\",\"url\":\"https:\\\/\\\/sternlife.de\\\/wp-content\\\/uploads\\\/2023\\\/07\\\/SternLife-Food-for-special-medicial-purposes-1.png\",\"contentUrl\":\"https:\\\/\\\/sternlife.de\\\/wp-content\\\/uploads\\\/2023\\\/07\\\/SternLife-Food-for-special-medicial-purposes-1.png\",\"width\":628,\"height\":533,\"caption\":\"Suppenteller mit gelber K\u00fcrbissuppe, daneben ein Stethoskop, K\u00fcrbiskerne, silberner L\u00f6ffel und Pulver in einem wei\u00dfen Sch\u00e4lchen\"},{\"@type\":\"BreadcrumbList\",\"@id\":\"https:\\\/\\\/sternlife.de\\\/en\\\/fsmp-focus\\\/#breadcrumb\",\"itemListElement\":[{\"@type\":\"ListItem\",\"position\":1,\"name\":\"Startseite\",\"item\":\"https:\\\/\\\/sternlife.de\\\/en\\\/\"},{\"@type\":\"ListItem\",\"position\":2,\"name\":\"FSMP Detail\"}]},{\"@type\":\"WebSite\",\"@id\":\"https:\\\/\\\/sternlife.de\\\/en\\\/#website\",\"url\":\"https:\\\/\\\/sternlife.de\\\/en\\\/\",\"name\":\"Sternlife\",\"description\":\"\",\"publisher\":{\"@id\":\"https:\\\/\\\/sternlife.de\\\/en\\\/#organization\"},\"potentialAction\":[{\"@type\":\"SearchAction\",\"target\":{\"@type\":\"EntryPoint\",\"urlTemplate\":\"https:\\\/\\\/sternlife.de\\\/en\\\/?s={search_term_string}\"},\"query-input\":{\"@type\":\"PropertyValueSpecification\",\"valueRequired\":true,\"valueName\":\"search_term_string\"}}],\"inLanguage\":\"en-US\"},{\"@type\":\"Organization\",\"@id\":\"https:\\\/\\\/sternlife.de\\\/en\\\/#organization\",\"name\":\"Sternlife\",\"url\":\"https:\\\/\\\/sternlife.de\\\/en\\\/\",\"logo\":{\"@type\":\"ImageObject\",\"inLanguage\":\"en-US\",\"@id\":\"https:\\\/\\\/sternlife.de\\\/en\\\/#\\\/schema\\\/logo\\\/image\\\/\",\"url\":\"https:\\\/\\\/sternlife.de\\\/wp-content\\\/uploads\\\/2023\\\/05\\\/sl-logo-dark-green.svg\",\"contentUrl\":\"https:\\\/\\\/sternlife.de\\\/wp-content\\\/uploads\\\/2023\\\/05\\\/sl-logo-dark-green.svg\",\"width\":280,\"height\":94,\"caption\":\"Sternlife\"},\"image\":{\"@id\":\"https:\\\/\\\/sternlife.de\\\/en\\\/#\\\/schema\\\/logo\\\/image\\\/\"},\"sameAs\":[\"https:\\\/\\\/www.facebook.com\\\/SternLifeNutrition\\\/\"]}]}<\/script>\n<!-- \/ Yoast SEO plugin. -->","yoast_head_json":{"title":"Clinical Nutrition - SternLife","description":"Clinical nutrition manufacturer: enteral foods for special medical purposes (FSMP) and preparations for balanced diets from SternLife.","robots":{"index":"index","follow":"follow","max-snippet":"max-snippet:-1","max-image-preview":"max-image-preview:large","max-video-preview":"max-video-preview:-1"},"canonical":"https:\/\/sternlife.de\/en\/fsmp-focus\/","og_locale":"en_US","og_type":"article","og_title":"Clinical Nutrition - SternLife","og_description":"Clinical nutrition manufacturer: enteral foods for special medical purposes (FSMP) and preparations for balanced diets from SternLife.","og_url":"https:\/\/sternlife.de\/en\/fsmp-focus\/","og_site_name":"Sternlife","article_publisher":"https:\/\/www.facebook.com\/SternLifeNutrition\/","article_modified_time":"2023-07-31T10:19:26+00:00","og_image":[{"width":628,"height":533,"url":"https:\/\/sternlife.de\/wp-content\/uploads\/2023\/07\/SternLife-Food-for-special-medicial-purposes-1.png","type":"image\/png"}],"twitter_card":"summary_large_image","twitter_misc":{"Est. reading time":"2 minutes"},"schema":{"@context":"https:\/\/schema.org","@graph":[{"@type":"WebPage","@id":"https:\/\/sternlife.de\/en\/fsmp-focus\/","url":"https:\/\/sternlife.de\/en\/fsmp-focus\/","name":"Clinical Nutrition - SternLife","isPartOf":{"@id":"https:\/\/sternlife.de\/en\/#website"},"primaryImageOfPage":{"@id":"https:\/\/sternlife.de\/en\/fsmp-focus\/#primaryimage"},"image":{"@id":"https:\/\/sternlife.de\/en\/fsmp-focus\/#primaryimage"},"thumbnailUrl":"https:\/\/sternlife.de\/wp-content\/uploads\/2023\/07\/SternLife-Food-for-special-medicial-purposes-1.png","datePublished":"2023-07-31T10:18:51+00:00","dateModified":"2023-07-31T10:19:26+00:00","description":"Clinical nutrition manufacturer: enteral foods for special medical purposes (FSMP) and preparations for balanced diets from SternLife.","breadcrumb":{"@id":"https:\/\/sternlife.de\/en\/fsmp-focus\/#breadcrumb"},"inLanguage":"en-US","potentialAction":[{"@type":"ReadAction","target":["https:\/\/sternlife.de\/en\/fsmp-focus\/"]}]},{"@type":"ImageObject","inLanguage":"en-US","@id":"https:\/\/sternlife.de\/en\/fsmp-focus\/#primaryimage","url":"https:\/\/sternlife.de\/wp-content\/uploads\/2023\/07\/SternLife-Food-for-special-medicial-purposes-1.png","contentUrl":"https:\/\/sternlife.de\/wp-content\/uploads\/2023\/07\/SternLife-Food-for-special-medicial-purposes-1.png","width":628,"height":533,"caption":"Suppenteller mit gelber K\u00fcrbissuppe, daneben ein Stethoskop, K\u00fcrbiskerne, silberner L\u00f6ffel und Pulver in einem wei\u00dfen Sch\u00e4lchen"},{"@type":"BreadcrumbList","@id":"https:\/\/sternlife.de\/en\/fsmp-focus\/#breadcrumb","itemListElement":[{"@type":"ListItem","position":1,"name":"Startseite","item":"https:\/\/sternlife.de\/en\/"},{"@type":"ListItem","position":2,"name":"FSMP Detail"}]},{"@type":"WebSite","@id":"https:\/\/sternlife.de\/en\/#website","url":"https:\/\/sternlife.de\/en\/","name":"Sternlife","description":"","publisher":{"@id":"https:\/\/sternlife.de\/en\/#organization"},"potentialAction":[{"@type":"SearchAction","target":{"@type":"EntryPoint","urlTemplate":"https:\/\/sternlife.de\/en\/?s={search_term_string}"},"query-input":{"@type":"PropertyValueSpecification","valueRequired":true,"valueName":"search_term_string"}}],"inLanguage":"en-US"},{"@type":"Organization","@id":"https:\/\/sternlife.de\/en\/#organization","name":"Sternlife","url":"https:\/\/sternlife.de\/en\/","logo":{"@type":"ImageObject","inLanguage":"en-US","@id":"https:\/\/sternlife.de\/en\/#\/schema\/logo\/image\/","url":"https:\/\/sternlife.de\/wp-content\/uploads\/2023\/05\/sl-logo-dark-green.svg","contentUrl":"https:\/\/sternlife.de\/wp-content\/uploads\/2023\/05\/sl-logo-dark-green.svg","width":280,"height":94,"caption":"Sternlife"},"image":{"@id":"https:\/\/sternlife.de\/en\/#\/schema\/logo\/image\/"},"sameAs":["https:\/\/www.facebook.com\/SternLifeNutrition\/"]}]}},"_links":{"self":[{"href":"https:\/\/sternlife.de\/en\/wp-json\/wp\/v2\/pages\/4467","targetHints":{"allow":["GET"]}}],"collection":[{"href":"https:\/\/sternlife.de\/en\/wp-json\/wp\/v2\/pages"}],"about":[{"href":"https:\/\/sternlife.de\/en\/wp-json\/wp\/v2\/types\/page"}],"author":[{"embeddable":true,"href":"https:\/\/sternlife.de\/en\/wp-json\/wp\/v2\/users\/4"}],"replies":[{"embeddable":true,"href":"https:\/\/sternlife.de\/en\/wp-json\/wp\/v2\/comments?post=4467"}],"version-history":[{"count":10,"href":"https:\/\/sternlife.de\/en\/wp-json\/wp\/v2\/pages\/4467\/revisions"}],"predecessor-version":[{"id":5409,"href":"https:\/\/sternlife.de\/en\/wp-json\/wp\/v2\/pages\/4467\/revisions\/5409"}],"wp:featuredmedia":[{"embeddable":true,"href":"https:\/\/sternlife.de\/en\/wp-json\/wp\/v2\/media\/2871"}],"wp:attachment":[{"href":"https:\/\/sternlife.de\/en\/wp-json\/wp\/v2\/media?parent=4467"}],"curies":[{"name":"wp","href":"https:\/\/api.w.org\/{rel}","templated":true}]}}